{"id":4,"date":"2023-06-23T10:44:51","date_gmt":"2023-06-23T08:44:51","guid":{"rendered":"https:\/\/chariot.ms2.decms.eu\/?page_id=4"},"modified":"2023-07-04T10:26:34","modified_gmt":"2023-07-04T08:26:34","slug":"hotel-bellevue-et-du-chariot-dor-paris","status":"publish","type":"page","link":"https:\/\/www.hotelbellevue75.fr\/en\/","title":{"rendered":"H\u00f4tel Bellevue et du Chariot d&#8217;Or, Paris"},"content":{"rendered":"<p style=\"text-align: center;\">The H\u00f4tel Bellevue et du Chariot d&#8217;Or, in the heart of the 3rd arrondissement, offers you a warm welcome in harmony with the tradition that makes Parisian hotels so charming.<\/p>\n<p style=\"text-align: center;\">The building of the hotel is a historical one and as soon as you enter you will be charmed by its traditional decoration and its Belle Epoque atmosphere. Our 59 rooms offer the classic comfort of a 2-star Parisian hotel. Each room is provided with free Wi-Fi access, a private bathroom with hair-dryer and free toiletries, a practical wardrobe space and a TV with satellite channels. All are bright and some of them also have a charming little balcony. The rooms overlook the street, not very busy at night, or a courtyard, and are soundproofed to ensure our guests&#8217; peace and quiet.<br \/>\nAll floors are served by a lift and the entire building is accessible to people with reduced mobility.<\/p>\n<p style=\"text-align: center;\">Check-in is at 3pm but, of course, if the room is available before, then you can move in. If not, we provide a luggage storage service and we will inform you of the time when everything is ready to welcome you.<br \/>\nOur hotel offers a selection of other concierge services and amenities to accompany you throughout your stay. The buffet breakfast is served in the dining room, in a very Parisian Belle Epoque d\u00e9cor with mouldings and magnificent stained glass windows. On request, and for disabled guests only, breakfast can be served in your room. In the dining room, you will also find a Bar with a selection of cold drinks, ideal for a moment of relaxation after walking around Paris.<br \/>\nThe hotel also offers a Business Corner equipped with a computer and printer. This area is open to all our guests and is particularly used by our customers on business trips. The front desk is open 24 hours a day and our friendly, helpful staff will warmly accommodate your needs and requests at any time.<\/p>\n<p style=\"text-align: center;\">The hotel is in the immediate vicinity of the historic centre of Paris, which allows you to quickly and easily discover all its treasures.<br \/>\nWith the Place de la R\u00e9publique and the Carreau du Temple close by, the Marais district just a stone&#8217;s throw away, the Seine and its quays, Notre-Dame and the historic centre of Paris, the Opera Garnier, the Palais-Royal and the Louvre Museum, in the heart of the 3rd arrondissement the H\u00f4tel Bellevue et du Chariot d&#8217;Or is the ideal meeting place for lovers of the capital. From the hotel, you can explore Paris on foot and discover all its main attractions: historic sites and museums, shops, restaurants and cultural events.<\/p>\n<p style=\"text-align: center;\">Our aim is to provide you with a warm and friendly welcome and to help you make the most of your stay. Whatever the time, and whatever your needs, we will always answer with a smile.<br \/>\nThe H\u00f4tel Bellevue and the Chariot d&#8217;Or staff is looking forward to welcoming you.<\/p>\n","protected":false},"excerpt":{"rendered":"<p>The H\u00f4tel Bellevue et du Chariot d&#8217;Or, in the heart of the 3rd arrondissement, offers you a warm welcome in harmony with the tradition that makes Parisian hotels so charming. The building of the hotel is a historical one and as soon as you enter you will be charmed by its traditional decoration and its [&hellip;]<\/p>\n","protected":false},"author":16,"featured_media":0,"parent":0,"menu_order":0,"comment_status":"closed","ping_status":"closed","template":"","meta":{"footnotes":""},"yoast_head":"<!-- This site is optimized with the Yoast SEO plugin v22.3 - https:\/\/yoast.com\/wordpress\/plugins\/seo\/ -->\n<title>2 star Hotel in 3rd arrondissement, Paris | H\u00f4tel Bellevue et du Chariot d&#039;Or<\/title>\n<meta name=\"description\" content=\"Discover the historic H\u00f4tel Bellevue et du Chariot d&#039;Or in Paris 3rd, near the Place de la R\u00e9publique, Pompidou Center and the Louvre. Take advantage of our warm welcome &amp; strategic location to explore the must-sees of Paris.\" \/>\n<meta name=\"robots\" content=\"index, follow, max-snippet:-1, max-image-preview:large, max-video-preview:-1\" \/>\n<link rel=\"canonical\" href=\"https:\/\/www.hotelbellevue75.fr\/en\/\" \/>\n<meta property=\"og:locale\" content=\"en_US\" \/>\n<meta property=\"og:type\" content=\"article\" \/>\n<meta property=\"og:title\" content=\"2 star Hotel in 3rd arrondissement, Paris | H\u00f4tel Bellevue et du Chariot d&#039;Or\" \/>\n<meta property=\"og:description\" content=\"Discover the historic H\u00f4tel Bellevue et du Chariot d&#039;Or in Paris 3rd, near the Place de la R\u00e9publique, Pompidou Center and the Louvre. Take advantage of our warm welcome &amp; strategic location to explore the must-sees of Paris.\" \/>\n<meta property=\"og:url\" content=\"https:\/\/www.hotelbellevue75.fr\/en\/\" \/>\n<meta property=\"og:site_name\" content=\"Hotel Bellevue et Chariot D&#039;Or\" \/>\n<meta property=\"article:modified_time\" content=\"2023-07-04T08:26:34+00:00\" \/>\n<meta name=\"twitter:card\" content=\"summary_large_image\" \/>\n<meta name=\"twitter:label1\" content=\"Est. reading time\" \/>\n\t<meta name=\"twitter:data1\" content=\"3 minutes\" \/>\n<script type=\"application\/ld+json\" class=\"yoast-schema-graph\">{\"@context\":\"https:\/\/schema.org\",\"@graph\":[{\"@type\":\"WebPage\",\"@id\":\"https:\/\/www.hotelbellevue75.fr\/en\/\",\"url\":\"https:\/\/www.hotelbellevue75.fr\/en\/\",\"name\":\"2 star Hotel in 3rd arrondissement, Paris | H\u00f4tel Bellevue et du Chariot d'Or\",\"isPartOf\":{\"@id\":\"https:\/\/www.hotelbellevue75.fr\/en\/#website\"},\"datePublished\":\"2023-06-23T08:44:51+00:00\",\"dateModified\":\"2023-07-04T08:26:34+00:00\",\"description\":\"Discover the historic H\u00f4tel Bellevue et du Chariot d'Or in Paris 3rd, near the Place de la R\u00e9publique, Pompidou Center and the Louvre. Take advantage of our warm welcome & strategic location to explore the must-sees of Paris.\",\"breadcrumb\":{\"@id\":\"https:\/\/www.hotelbellevue75.fr\/en\/#breadcrumb\"},\"inLanguage\":\"en-US\",\"potentialAction\":[{\"@type\":\"ReadAction\",\"target\":[\"https:\/\/www.hotelbellevue75.fr\/en\/\"]}]},{\"@type\":\"BreadcrumbList\",\"@id\":\"https:\/\/www.hotelbellevue75.fr\/en\/#breadcrumb\",\"itemListElement\":[{\"@type\":\"ListItem\",\"position\":1,\"name\":\"Accueil\",\"item\":\"https:\/\/www.hotelbellevue75.fr\/en\/\"},{\"@type\":\"ListItem\",\"position\":2,\"name\":\"H\u00f4tel Bellevue et du Chariot d&#8217;Or, Paris\"}]},{\"@type\":\"WebSite\",\"@id\":\"https:\/\/www.hotelbellevue75.fr\/en\/#website\",\"url\":\"https:\/\/www.hotelbellevue75.fr\/en\/\",\"name\":\"Hotel Bellevue et Chariot D'Or\",\"description\":\"\",\"potentialAction\":[{\"@type\":\"SearchAction\",\"target\":{\"@type\":\"EntryPoint\",\"urlTemplate\":\"https:\/\/www.hotelbellevue75.fr\/en\/?s={search_term_string}\"},\"query-input\":\"required name=search_term_string\"}],\"inLanguage\":\"en-US\"}]}<\/script>\n<!-- \/ Yoast SEO plugin. -->","yoast_head_json":{"title":"2 star Hotel in 3rd arrondissement, Paris | H\u00f4tel Bellevue et du Chariot d'Or","description":"Discover the historic H\u00f4tel Bellevue et du Chariot d'Or in Paris 3rd, near the Place de la R\u00e9publique, Pompidou Center and the Louvre. Take advantage of our warm welcome & strategic location to explore the must-sees of Paris.","robots":{"index":"index","follow":"follow","max-snippet":"max-snippet:-1","max-image-preview":"max-image-preview:large","max-video-preview":"max-video-preview:-1"},"canonical":"https:\/\/www.hotelbellevue75.fr\/en\/","og_locale":"en_US","og_type":"article","og_title":"2 star Hotel in 3rd arrondissement, Paris | H\u00f4tel Bellevue et du Chariot d'Or","og_description":"Discover the historic H\u00f4tel Bellevue et du Chariot d'Or in Paris 3rd, near the Place de la R\u00e9publique, Pompidou Center and the Louvre. Take advantage of our warm welcome & strategic location to explore the must-sees of Paris.","og_url":"https:\/\/www.hotelbellevue75.fr\/en\/","og_site_name":"Hotel Bellevue et Chariot D'Or","article_modified_time":"2023-07-04T08:26:34+00:00","twitter_card":"summary_large_image","twitter_misc":{"Est. reading time":"3 minutes"},"schema":{"@context":"https:\/\/schema.org","@graph":[{"@type":"WebPage","@id":"https:\/\/www.hotelbellevue75.fr\/en\/","url":"https:\/\/www.hotelbellevue75.fr\/en\/","name":"2 star Hotel in 3rd arrondissement, Paris | H\u00f4tel Bellevue et du Chariot d'Or","isPartOf":{"@id":"https:\/\/www.hotelbellevue75.fr\/en\/#website"},"datePublished":"2023-06-23T08:44:51+00:00","dateModified":"2023-07-04T08:26:34+00:00","description":"Discover the historic H\u00f4tel Bellevue et du Chariot d'Or in Paris 3rd, near the Place de la R\u00e9publique, Pompidou Center and the Louvre. Take advantage of our warm welcome & strategic location to explore the must-sees of Paris.","breadcrumb":{"@id":"https:\/\/www.hotelbellevue75.fr\/en\/#breadcrumb"},"inLanguage":"en-US","potentialAction":[{"@type":"ReadAction","target":["https:\/\/www.hotelbellevue75.fr\/en\/"]}]},{"@type":"BreadcrumbList","@id":"https:\/\/www.hotelbellevue75.fr\/en\/#breadcrumb","itemListElement":[{"@type":"ListItem","position":1,"name":"Accueil","item":"https:\/\/www.hotelbellevue75.fr\/en\/"},{"@type":"ListItem","position":2,"name":"H\u00f4tel Bellevue et du Chariot d&#8217;Or, Paris"}]},{"@type":"WebSite","@id":"https:\/\/www.hotelbellevue75.fr\/en\/#website","url":"https:\/\/www.hotelbellevue75.fr\/en\/","name":"Hotel Bellevue et Chariot D'Or","description":"","potentialAction":[{"@type":"SearchAction","target":{"@type":"EntryPoint","urlTemplate":"https:\/\/www.hotelbellevue75.fr\/en\/?s={search_term_string}"},"query-input":"required name=search_term_string"}],"inLanguage":"en-US"}]}},"acf":[],"_links":{"self":[{"href":"https:\/\/www.hotelbellevue75.fr\/en\/wp-json\/wp\/v2\/pages\/4"}],"collection":[{"href":"https:\/\/www.hotelbellevue75.fr\/en\/wp-json\/wp\/v2\/pages"}],"about":[{"href":"https:\/\/www.hotelbellevue75.fr\/en\/wp-json\/wp\/v2\/types\/page"}],"author":[{"embeddable":true,"href":"https:\/\/www.hotelbellevue75.fr\/en\/wp-json\/wp\/v2\/users\/16"}],"replies":[{"embeddable":true,"href":"https:\/\/www.hotelbellevue75.fr\/en\/wp-json\/wp\/v2\/comments?post=4"}],"version-history":[{"count":0,"href":"https:\/\/www.hotelbellevue75.fr\/en\/wp-json\/wp\/v2\/pages\/4\/revisions"}],"wp:attachment":[{"href":"https:\/\/www.hotelbellevue75.fr\/en\/wp-json\/wp\/v2\/media?parent=4"}],"curies":[{"name":"wp","href":"https:\/\/api.w.org\/{rel}","templated":true}]}}