{"id":19,"date":"2023-06-23T10:54:42","date_gmt":"2023-06-23T08:54:42","guid":{"rendered":"https:\/\/chariot.ms2.decms.eu\/?page_id=19"},"modified":"2023-10-12T21:30:51","modified_gmt":"2023-10-12T19:30:51","slug":"legal-notices","status":"publish","type":"page","link":"https:\/\/www.hotelbellevue75.fr\/en\/legal-notices\/","title":{"rendered":"Legal Notices"},"content":{"rendered":"<h2 style=\"text-align: center\"><strong>General information :<\/strong><\/h2>\n<p style=\"text-align: center\">39 Rue de Turbigo, 75003 Paris<\/p>\n<p style=\"text-align: center\">T\u00e9l\u00e9phone : +33 (0)1 48 87 45 60<br \/>\nE-mail : <a href=\"mailto:chariotdor@orange.fr\">chariotdor@orange.fr<\/a><\/p>\n<p style=\"text-align: center\">Responsable du site : Djemai Laid<\/p>\n<p style=\"text-align: center\">TVA : FR25572099570<br \/>\nRCS : Paris B 572 099 570<br \/>\nSIRET : 57209957000010<\/p>\n<h2 style=\"text-align: center\">Conception et r\u00e9alisation du site :<\/h2>\n<p style=\"text-align: center\">La Soci\u00e9t\u00e9 D-EDGE<br \/>\nADRESSE : 66, rue des Archives<br \/>\n\u00e0 PARIS (75003)<br \/>\nRCS PARIS N\u00b0 431 513 852<br \/>\nRegistre du Commerce et des Soci\u00e9t\u00e9s n\u00b0RCS<br \/>\nPARIS 431 513 852<br \/>\nCapital: 12 700 298.40\u20ac\u200b<\/p>\n<h2 style=\"text-align: center\">H\u00e9bergement :<\/h2>\n<p style=\"text-align: center\">WPEngine, Inc. Irongate House,<br \/>\nAdresse : 22-30 Duke\u2019s Place Londres, EC3A 7LP,<br \/>\nRoyaume-Uni<br \/>\nT\u00e9l\u00e9phone : 08 00 50 53 049<\/p>\n<h2 style=\"text-align: center\">Responsable du traitement des donn\u00e9es personnelles conform\u00e9ment au RGPD :<\/h2>\n<p style=\"text-align: center\">Nom de l&#8217;entreprise : SA HOTEL BELLEVUE ET RESTAURANT DU CHARIOT D&#8217;OR<br \/>\nAdresse : 39 Rue de Turbigo, 75003 Paris<br \/>\nE-mail du responsable : <a href=\"mailto:chariotdor@orange.fr\">chariotdor@orange.fr<\/a><\/p>\n<h2 style=\"text-align: center\">Finalit\u00e9 du traitement des donn\u00e9es personnelles :<\/h2>\n<p style=\"text-align: center\">Les donn\u00e9es personnelles collect\u00e9es via ce site sont utilis\u00e9es dans le but de fournir des informations sur nos services et de r\u00e9pondre aux demandes des utilisateurs.<\/p>\n<h2 style=\"text-align: center\">Dur\u00e9e de conservation des donn\u00e9es personnelles :<\/h2>\n<p style=\"text-align: center\">Les donn\u00e9es personnelles sont conserv\u00e9es pendant une p\u00e9riode de 730 jours \u00e0 compter de leur collecte ou de la derni\u00e8re interaction avec l&#8217;utilisateur.<\/p>\n<h2 style=\"text-align: center\">Droits des utilisateurs :<\/h2>\n<p style=\"text-align: center\">Conform\u00e9ment au RGPD, les utilisateurs disposent d&#8217;un droit d&#8217;acc\u00e8s, de rectification, de suppression et de limitation du traitement de leurs donn\u00e9es personnelles. Pour exercer ces droits, veuillez contacter le responsable du traitement des donn\u00e9es \u00e0 l&#8217;adresse e-mail mentionn\u00e9e ci-dessus.<\/p>\n<h2 style=\"text-align: center\">Utilisation des cookies :<\/h2>\n<p style=\"text-align: center\">Ce site utilise des cookies pour am\u00e9liorer l&#8217;exp\u00e9rience de navigation des utilisateurs et collecter des informations anonymes sur la mani\u00e8re dont le site est utilis\u00e9. En continuant \u00e0 naviguer sur ce site, vous acceptez l&#8217;utilisation de cookies.<\/p>\n<div style=\"text-align: center\">\n<h2><strong>Traitement des R\u00e9clamations :<\/strong><\/h2>\n<p>Si vous avez des r\u00e9clamations ou des pr\u00e9occupations concernant nos services, nous vous encourageons \u00e0 nous contacter. Voici comment vous pouvez proc\u00e9der :<\/p>\n<ol>\n<li><strong>Contacter le Service Client :<\/strong> En premier lieu, nous vous invitons \u00e0 contacter notre service client pour discuter de votre r\u00e9clamation. Vous pouvez nous joindre par t\u00e9l\u00e9phone au +33 (0)1 48 87 45 60 ou par e-mail \u00e0 l&#8217;adresse <a href=\"mailto:chariotdor@orange.fr\" target=\"_new\" rel=\"noopener\">chariotdor@orange.fr<\/a>. Nous ferons de notre mieux pour r\u00e9pondre \u00e0 votre r\u00e9clamation de mani\u00e8re opportune et efficace.<\/li>\n<li><strong>M\u00e9diation :<\/strong> Si, apr\u00e8s avoir contact\u00e9 notre service client, vous estimez que votre r\u00e9clamation n&#8217;a pas \u00e9t\u00e9 r\u00e9solue de mani\u00e8re satisfaisante dans un d\u00e9lai d&#8217;un mois, vous avez la possibilit\u00e9 de faire appel au M\u00e9diateur du tourisme et du voyage. Les coordonn\u00e9es du m\u00e9diateur sont les suivantes :\n<div>Adresse Postale: M\u00e9diation Tourisme et Voyage<\/div>\n<div>BP 80 303 75 823<\/div>\n<div>Paris Cedex 17<\/div>\n<div>Site Internet:\u00a0<a href=\"http:\/\/www.mtv.travel\/\" target=\"_blank\" rel=\"noopener\" data-saferedirecturl=\"https:\/\/www.google.com\/url?q=http:\/\/www.mtv.travel&amp;source=gmail&amp;ust=1692947207868000&amp;usg=AOvVaw1hcfajZ4uafxCaWaToY3Zj\">www.mtv.travel<\/a><\/div>\n<\/li>\n<li><strong>Plateforme de R\u00e8glement en Ligne des Litiges (RLL) :<\/strong> Vous avez \u00e9galement la possibilit\u00e9 d&#8217;acc\u00e9der \u00e0 la Plateforme de R\u00e8glement en Ligne des Litiges (RLL) de l&#8217;Union Europ\u00e9enne. Cette plateforme vous permet de soumettre une r\u00e9clamation en ligne et de rechercher une solution alternative pour r\u00e9soudre votre litige. Vous pouvez acc\u00e9der \u00e0 la Plateforme de R\u00e8glement en Ligne des Litiges en suivant ce lien : <a href=\"https:\/\/ec.europa.eu\/consumers\/odr\/main\/index.cfm?event=main.home2.show&amp;lng=FR\" target=\"_new\" rel=\"noopener\">Plateforme de R\u00e8glement en Ligne des Litiges (RLL)<\/a>.<\/li>\n<\/ol>\n<h2><strong>Absence d&#8217;Exercice du Droit de R\u00e9tractation <\/strong>:<\/h2>\n<p>Conform\u00e9ment \u00e0 la r\u00e9glementation en vigueur, nous tenons \u00e0 informer nos clients que l&#8217;exercice du droit de r\u00e9tractation n&#8217;est pas applicable aux prestations de services d&#8217;h\u00e9bergement, de restauration, ou de voyages effectu\u00e9es sur notre site web. Cela signifie que, une fois que vous avez effectu\u00e9 une r\u00e9servation et que nos services ont \u00e9t\u00e9 fournis, vous ne disposez g\u00e9n\u00e9ralement pas du droit de vous r\u00e9tracter et d&#8217;annuler la r\u00e9servation, sauf disposition contraire pr\u00e9vue par la loi.<\/p>\n<p>Cependant, pour des situations sp\u00e9cifiques ou des exceptions l\u00e9gales, veuillez vous r\u00e9f\u00e9rer \u00e0 la l\u00e9gislation en vigueur et aux conditions g\u00e9n\u00e9rales de r\u00e9servation sp\u00e9cifiques \u00e0 votre cas.<\/p>\n<p>Nous vous recommandons de lire attentivement les conditions de r\u00e9servation avant de confirmer votre r\u00e9servation et de contacter notre service client si vous avez des questions ou des pr\u00e9occupations concernant notre politique d&#8217;annulation et de r\u00e9tractation.<\/p>\n<h2><strong>L\u00e9gislation Applicable et Juridiction Comp\u00e9tente<\/strong> :<\/h2>\n<p>Tout litige d\u00e9coulant de l&#8217;utilisation de ce site web ou des services que nous offrons sera r\u00e9gi par la l\u00e9gislation fran\u00e7aise. En cas de litige, les tribunaux fran\u00e7ais seront comp\u00e9tents pour r\u00e9soudre toute question l\u00e9gale ou contentieuse.<\/p>\n<p>Cette mention a pour but de d\u00e9finir la l\u00e9gislation qui r\u00e9git notre site web et nos services, ainsi que la juridiction \u00e0 laquelle vous vous soumettez en utilisant notre site et en concluant des transactions avec nous.<\/p>\n<p>Nous vous remercions de prendre en consid\u00e9ration cette information, qui fait partie int\u00e9grante de nos mentions l\u00e9gales et de nos conditions g\u00e9n\u00e9rales d&#8217;utilisation. En utilisant notre site web et en b\u00e9n\u00e9ficiant de nos services, vous acceptez la l\u00e9gislation fran\u00e7aise et la comp\u00e9tence des tribunaux fran\u00e7ais pour tout litige \u00e9ventuel.<\/p>\n<\/div>\n","protected":false},"excerpt":{"rendered":"<p>General information : 39 Rue de Turbigo, 75003 Paris T\u00e9l\u00e9phone : +33 (0)1 48 87 45 60 E-mail : chariotdor@orange.fr Responsable du site : Djemai Laid TVA : FR25572099570 RCS : Paris B 572 099 570 SIRET : 57209957000010 Conception et r\u00e9alisation du site : La Soci\u00e9t\u00e9 D-EDGE ADRESSE : 66, rue des Archives \u00e0 [&hellip;]<\/p>\n","protected":false},"author":16,"featured_media":0,"parent":0,"menu_order":90,"comment_status":"closed","ping_status":"closed","template":"","meta":{"footnotes":""},"yoast_head":"<!-- This site is optimized with the Yoast SEO plugin v22.3 - https:\/\/yoast.com\/wordpress\/plugins\/seo\/ -->\n<title>Legal Notices | H\u00f4tel Bellevue et du Chariot d&#039;Or<\/title>\n<meta name=\"description\" content=\"Discover the legal information about the H\u00f4tel Bellevue et du Chariot d&#039;Or, located at 39 R. de Turbigo, 75003 Paris - France.\" \/>\n<meta name=\"robots\" content=\"index, follow, max-snippet:-1, max-image-preview:large, max-video-preview:-1\" \/>\n<link rel=\"canonical\" href=\"https:\/\/www.hotelbellevue75.fr\/en\/legal-notices\/\" \/>\n<meta property=\"og:locale\" content=\"en_US\" \/>\n<meta property=\"og:type\" content=\"article\" \/>\n<meta property=\"og:title\" content=\"Legal Notices | H\u00f4tel Bellevue et du Chariot d&#039;Or\" \/>\n<meta property=\"og:description\" content=\"Discover the legal information about the H\u00f4tel Bellevue et du Chariot d&#039;Or, located at 39 R. de Turbigo, 75003 Paris - France.\" \/>\n<meta property=\"og:url\" content=\"https:\/\/www.hotelbellevue75.fr\/en\/legal-notices\/\" \/>\n<meta property=\"og:site_name\" content=\"Hotel Bellevue et Chariot D&#039;Or\" \/>\n<meta property=\"article:modified_time\" content=\"2023-10-12T19:30:51+00:00\" \/>\n<meta name=\"twitter:card\" content=\"summary_large_image\" \/>\n<meta name=\"twitter:label1\" content=\"Est. reading time\" \/>\n\t<meta name=\"twitter:data1\" content=\"2 minutes\" \/>\n<script type=\"application\/ld+json\" class=\"yoast-schema-graph\">{\"@context\":\"https:\/\/schema.org\",\"@graph\":[{\"@type\":\"WebPage\",\"@id\":\"https:\/\/www.hotelbellevue75.fr\/en\/legal-notices\/\",\"url\":\"https:\/\/www.hotelbellevue75.fr\/en\/legal-notices\/\",\"name\":\"Legal Notices | H\u00f4tel Bellevue et du Chariot d'Or\",\"isPartOf\":{\"@id\":\"https:\/\/www.hotelbellevue75.fr\/en\/#website\"},\"datePublished\":\"2023-06-23T08:54:42+00:00\",\"dateModified\":\"2023-10-12T19:30:51+00:00\",\"description\":\"Discover the legal information about the H\u00f4tel Bellevue et du Chariot d'Or, located at 39 R. de Turbigo, 75003 Paris - France.\",\"breadcrumb\":{\"@id\":\"https:\/\/www.hotelbellevue75.fr\/en\/legal-notices\/#breadcrumb\"},\"inLanguage\":\"en-US\",\"potentialAction\":[{\"@type\":\"ReadAction\",\"target\":[\"https:\/\/www.hotelbellevue75.fr\/en\/legal-notices\/\"]}]},{\"@type\":\"BreadcrumbList\",\"@id\":\"https:\/\/www.hotelbellevue75.fr\/en\/legal-notices\/#breadcrumb\",\"itemListElement\":[{\"@type\":\"ListItem\",\"position\":1,\"name\":\"Accueil\",\"item\":\"https:\/\/www.hotelbellevue75.fr\/en\/\"},{\"@type\":\"ListItem\",\"position\":2,\"name\":\"Legal Notices\"}]},{\"@type\":\"WebSite\",\"@id\":\"https:\/\/www.hotelbellevue75.fr\/en\/#website\",\"url\":\"https:\/\/www.hotelbellevue75.fr\/en\/\",\"name\":\"Hotel Bellevue et Chariot D'Or\",\"description\":\"\",\"potentialAction\":[{\"@type\":\"SearchAction\",\"target\":{\"@type\":\"EntryPoint\",\"urlTemplate\":\"https:\/\/www.hotelbellevue75.fr\/en\/?s={search_term_string}\"},\"query-input\":\"required name=search_term_string\"}],\"inLanguage\":\"en-US\"}]}<\/script>\n<!-- \/ Yoast SEO plugin. -->","yoast_head_json":{"title":"Legal Notices | H\u00f4tel Bellevue et du Chariot d'Or","description":"Discover the legal information about the H\u00f4tel Bellevue et du Chariot d'Or, located at 39 R. de Turbigo, 75003 Paris - France.","robots":{"index":"index","follow":"follow","max-snippet":"max-snippet:-1","max-image-preview":"max-image-preview:large","max-video-preview":"max-video-preview:-1"},"canonical":"https:\/\/www.hotelbellevue75.fr\/en\/legal-notices\/","og_locale":"en_US","og_type":"article","og_title":"Legal Notices | H\u00f4tel Bellevue et du Chariot d'Or","og_description":"Discover the legal information about the H\u00f4tel Bellevue et du Chariot d'Or, located at 39 R. de Turbigo, 75003 Paris - France.","og_url":"https:\/\/www.hotelbellevue75.fr\/en\/legal-notices\/","og_site_name":"Hotel Bellevue et Chariot D'Or","article_modified_time":"2023-10-12T19:30:51+00:00","twitter_card":"summary_large_image","twitter_misc":{"Est. reading time":"2 minutes"},"schema":{"@context":"https:\/\/schema.org","@graph":[{"@type":"WebPage","@id":"https:\/\/www.hotelbellevue75.fr\/en\/legal-notices\/","url":"https:\/\/www.hotelbellevue75.fr\/en\/legal-notices\/","name":"Legal Notices | H\u00f4tel Bellevue et du Chariot d'Or","isPartOf":{"@id":"https:\/\/www.hotelbellevue75.fr\/en\/#website"},"datePublished":"2023-06-23T08:54:42+00:00","dateModified":"2023-10-12T19:30:51+00:00","description":"Discover the legal information about the H\u00f4tel Bellevue et du Chariot d'Or, located at 39 R. de Turbigo, 75003 Paris - France.","breadcrumb":{"@id":"https:\/\/www.hotelbellevue75.fr\/en\/legal-notices\/#breadcrumb"},"inLanguage":"en-US","potentialAction":[{"@type":"ReadAction","target":["https:\/\/www.hotelbellevue75.fr\/en\/legal-notices\/"]}]},{"@type":"BreadcrumbList","@id":"https:\/\/www.hotelbellevue75.fr\/en\/legal-notices\/#breadcrumb","itemListElement":[{"@type":"ListItem","position":1,"name":"Accueil","item":"https:\/\/www.hotelbellevue75.fr\/en\/"},{"@type":"ListItem","position":2,"name":"Legal Notices"}]},{"@type":"WebSite","@id":"https:\/\/www.hotelbellevue75.fr\/en\/#website","url":"https:\/\/www.hotelbellevue75.fr\/en\/","name":"Hotel Bellevue et Chariot D'Or","description":"","potentialAction":[{"@type":"SearchAction","target":{"@type":"EntryPoint","urlTemplate":"https:\/\/www.hotelbellevue75.fr\/en\/?s={search_term_string}"},"query-input":"required name=search_term_string"}],"inLanguage":"en-US"}]}},"acf":[],"_links":{"self":[{"href":"https:\/\/www.hotelbellevue75.fr\/en\/wp-json\/wp\/v2\/pages\/19"}],"collection":[{"href":"https:\/\/www.hotelbellevue75.fr\/en\/wp-json\/wp\/v2\/pages"}],"about":[{"href":"https:\/\/www.hotelbellevue75.fr\/en\/wp-json\/wp\/v2\/types\/page"}],"author":[{"embeddable":true,"href":"https:\/\/www.hotelbellevue75.fr\/en\/wp-json\/wp\/v2\/users\/16"}],"replies":[{"embeddable":true,"href":"https:\/\/www.hotelbellevue75.fr\/en\/wp-json\/wp\/v2\/comments?post=19"}],"version-history":[{"count":0,"href":"https:\/\/www.hotelbellevue75.fr\/en\/wp-json\/wp\/v2\/pages\/19\/revisions"}],"wp:attachment":[{"href":"https:\/\/www.hotelbellevue75.fr\/en\/wp-json\/wp\/v2\/media?parent=19"}],"curies":[{"name":"wp","href":"https:\/\/api.w.org\/{rel}","templated":true}]}}